{"id":105,"date":"2024-06-17T12:42:42","date_gmt":"2024-06-17T10:42:42","guid":{"rendered":"https:\/\/nowa.rachunkowosc-pomost.pl\/?page_id=105"},"modified":"2024-06-17T13:23:29","modified_gmt":"2024-06-17T11:23:29","slug":"rozliczanie-dotacji","status":"publish","type":"page","link":"https:\/\/rachunkowosc-pomost.pl\/?page_id=105","title":{"rendered":"Rozliczanie dotacji"},"content":{"rendered":"\n<pre class=\"wp-block-preformatted\">Twoja <strong>organizacja<\/strong> lub <strong>firma<\/strong> korzysta z <strong>dotacji<\/strong>?<br><br>Zach\u0119camy do skorzystania z naszych us\u0142ug w zakresie rozliczania <strong>dotacji ze \u015brodk\u00f3w publicznych<\/strong> (w tym: unijnych, z Urz\u0119du Pracy) lub prywatnych (<strong>granty<\/strong>).<br><br>Na Pa\u0144stwa zlecenie <strong>sporz\u0105dzimy rozliczenie<\/strong> otrzymanej dotacji <strong>zgodne z zawart\u0105 umow\u0105<\/strong>.<br><br>Zapraszamy do kontaktu celem om\u00f3wienia szczeg\u00f3\u0142\u00f3w wsp\u00f3\u0142pracy a tak\u017ce do zapoznania si\u0119 z orientacyjnym kosztem naszych us\u0142ug w zak\u0142adce <a href=\"https:\/\/rachunkowosc-pomost.pl\/?page_id=126\" data-type=\"page\" data-id=\"126\">Cennik<\/a><br><\/pre>\n","protected":false},"excerpt":{"rendered":"<p>Twoja organizacja lub firma korzysta z dotacji?Zach\u0119camy do skorzystania z naszych us\u0142ug w zakresie rozliczania dotacji ze \u015brodk\u00f3w publicznych (w tym: unijnych, z Urz\u0119du Pracy) lub prywatnych (granty).Na Pa\u0144stwa zlecenie sporz\u0105dzimy rozliczenie otrzymanej dotacji zgodne z zawart\u0105 umow\u0105.Zapraszamy do kontaktu celem om\u00f3wienia szczeg\u00f3\u0142\u00f3w wsp\u00f3\u0142pracy a tak\u017ce do zapoznania si\u0119 z orientacyjnym kosztem naszych us\u0142ug w [&hellip;]<\/p>\n","protected":false},"author":1,"featured_media":36,"parent":0,"menu_order":0,"comment_status":"closed","ping_status":"closed","template":"","meta":{"footnotes":""},"class_list":["post-105","page","type-page","status-publish","has-post-thumbnail","hentry"],"_links":{"self":[{"href":"https:\/\/rachunkowosc-pomost.pl\/index.php?rest_route=\/wp\/v2\/pages\/105","targetHints":{"allow":["GET"]}}],"collection":[{"href":"https:\/\/rachunkowosc-pomost.pl\/index.php?rest_route=\/wp\/v2\/pages"}],"about":[{"href":"https:\/\/rachunkowosc-pomost.pl\/index.php?rest_route=\/wp\/v2\/types\/page"}],"author":[{"embeddable":true,"href":"https:\/\/rachunkowosc-pomost.pl\/index.php?rest_route=\/wp\/v2\/users\/1"}],"replies":[{"embeddable":true,"href":"https:\/\/rachunkowosc-pomost.pl\/index.php?rest_route=%2Fwp%2Fv2%2Fcomments&post=105"}],"version-history":[{"count":2,"href":"https:\/\/rachunkowosc-pomost.pl\/index.php?rest_route=\/wp\/v2\/pages\/105\/revisions"}],"predecessor-version":[{"id":354,"href":"https:\/\/rachunkowosc-pomost.pl\/index.php?rest_route=\/wp\/v2\/pages\/105\/revisions\/354"}],"wp:featuredmedia":[{"embeddable":true,"href":"https:\/\/rachunkowosc-pomost.pl\/index.php?rest_route=\/wp\/v2\/media\/36"}],"wp:attachment":[{"href":"https:\/\/rachunkowosc-pomost.pl\/index.php?rest_route=%2Fwp%2Fv2%2Fmedia&parent=105"}],"curies":[{"name":"wp","href":"https:\/\/api.w.org\/{rel}","templated":true}]}}