{"id":114,"date":"2024-06-17T12:42:30","date_gmt":"2024-06-17T10:42:30","guid":{"rendered":"https:\/\/nowa.rachunkowosc-pomost.pl\/?page_id=114"},"modified":"2024-06-17T13:24:44","modified_gmt":"2024-06-17T11:24:44","slug":"ksiegowosc-firm","status":"publish","type":"page","link":"https:\/\/rachunkowosc-pomost.pl\/?page_id=114","title":{"rendered":"Ksi\u0119gowo\u015b\u0107 firm"},"content":{"rendered":"\n<pre class=\"wp-block-preformatted\">Nasze biuro oferuje prowadzenie <strong>ksi\u0119gi przychod\u00f3w i rozchod\u00f3w<\/strong> jak i obs\u0142ug\u0119 innych form opodatkowania (rycza\u0142t, karta podatkowa).<br><br>Mo\u017cliwie jest r\u00f3wnie\u017c prowadzenie <strong>pe\u0142nej ksi\u0119gowo\u015bci dla ma\u0142ych sp\u00f3\u0142ek<\/strong> zarejestrowanych w KRS.<br>Obs\u0142ugujemy r\u00f3wnie\u017c <strong>sprawy kadrowe<\/strong> i rozliczenia z ZUS.<br><br>Zapraszamy do kontaktu celem om\u00f3wienia szczeg\u00f3\u0142\u00f3w wsp\u00f3\u0142pracy a tak\u017ce do zapoznania si\u0119 z orientacyjnym cennikiem naszych us\u0142ug w zak\u0142adce <a href=\"https:\/\/rachunkowosc-pomost.pl\/?page_id=126\" data-type=\"page\" data-id=\"126\">Cennik<\/a><br><br>Dochody z prowadzonej dzia\u0142alno\u015bci us\u0142ugowej przeznaczamy na dzia\u0142alno\u015b\u0107 Stowarzyszenia POMOST<br><\/pre>\n","protected":false},"excerpt":{"rendered":"<p>Nasze biuro oferuje prowadzenie ksi\u0119gi przychod\u00f3w i rozchod\u00f3w jak i obs\u0142ug\u0119 innych form opodatkowania (rycza\u0142t, karta podatkowa).Mo\u017cliwie jest r\u00f3wnie\u017c prowadzenie pe\u0142nej ksi\u0119gowo\u015bci dla ma\u0142ych sp\u00f3\u0142ek zarejestrowanych w KRS.Obs\u0142ugujemy r\u00f3wnie\u017c sprawy kadrowe i rozliczenia z ZUS.Zapraszamy do kontaktu celem om\u00f3wienia szczeg\u00f3\u0142\u00f3w wsp\u00f3\u0142pracy a tak\u017ce do zapoznania si\u0119 z orientacyjnym cennikiem naszych us\u0142ug w zak\u0142adce CennikDochody z [&hellip;]<\/p>\n","protected":false},"author":1,"featured_media":37,"parent":0,"menu_order":0,"comment_status":"closed","ping_status":"closed","template":"","meta":{"footnotes":""},"class_list":["post-114","page","type-page","status-publish","has-post-thumbnail","hentry"],"_links":{"self":[{"href":"https:\/\/rachunkowosc-pomost.pl\/index.php?rest_route=\/wp\/v2\/pages\/114","targetHints":{"allow":["GET"]}}],"collection":[{"href":"https:\/\/rachunkowosc-pomost.pl\/index.php?rest_route=\/wp\/v2\/pages"}],"about":[{"href":"https:\/\/rachunkowosc-pomost.pl\/index.php?rest_route=\/wp\/v2\/types\/page"}],"author":[{"embeddable":true,"href":"https:\/\/rachunkowosc-pomost.pl\/index.php?rest_route=\/wp\/v2\/users\/1"}],"replies":[{"embeddable":true,"href":"https:\/\/rachunkowosc-pomost.pl\/index.php?rest_route=%2Fwp%2Fv2%2Fcomments&post=114"}],"version-history":[{"count":2,"href":"https:\/\/rachunkowosc-pomost.pl\/index.php?rest_route=\/wp\/v2\/pages\/114\/revisions"}],"predecessor-version":[{"id":357,"href":"https:\/\/rachunkowosc-pomost.pl\/index.php?rest_route=\/wp\/v2\/pages\/114\/revisions\/357"}],"wp:featuredmedia":[{"embeddable":true,"href":"https:\/\/rachunkowosc-pomost.pl\/index.php?rest_route=\/wp\/v2\/media\/37"}],"wp:attachment":[{"href":"https:\/\/rachunkowosc-pomost.pl\/index.php?rest_route=%2Fwp%2Fv2%2Fmedia&parent=114"}],"curies":[{"name":"wp","href":"https:\/\/api.w.org\/{rel}","templated":true}]}}