{"id":120,"date":"2024-06-17T12:42:11","date_gmt":"2024-06-17T10:42:11","guid":{"rendered":"https:\/\/nowa.rachunkowosc-pomost.pl\/?page_id=120"},"modified":"2025-04-08T17:15:36","modified_gmt":"2025-04-08T15:15:36","slug":"rozliczenia-pitow","status":"publish","type":"page","link":"https:\/\/rachunkowosc-pomost.pl\/?page_id=120","title":{"rendered":"Rozliczenia PIT\u00f3w"},"content":{"rendered":"\n<pre class=\"wp-block-preformatted\">Zapraszamy do korzystania z naszej us\u0142ugi rozliczania PIT\u00f3w \ud83d\ude42<br><br>Us\u0142ug\u0119 wykonujemy w przyst\u0119pnej cenie od 50 do 80 z\u0142. (zale\u017cnie od ilo\u015bci dokument\u00f3w i odlicze\u0144)<br><br>a <strong>dla <\/strong>os\u00f3b <strong>przekazuj\u0105cych 1.5%<\/strong> na nasze Stowarzyszenie oferujemy <strong>50% zni\u017cki<\/strong>!<br><br>Dochody uzyskane z dzia\u0142alno\u015bci naszego biura przeznaczamy na dzia\u0142alno\u015b\u0107 statutow\u0105 POMOSTu (pomoc osobom choruj\u0105cym psychicznie)<br><br><strong>JEDEN PIT = SZEREG KORZY\u015aCI!<\/strong>  Zapraszamy!<\/pre>\n","protected":false},"excerpt":{"rendered":"<p>Zapraszamy do korzystania z naszej us\u0142ugi rozliczania PIT\u00f3w \ud83d\ude42Us\u0142ug\u0119 wykonujemy w przyst\u0119pnej cenie od 50 do 80 z\u0142. (zale\u017cnie od ilo\u015bci dokument\u00f3w i odlicze\u0144)a dla os\u00f3b przekazuj\u0105cych 1.5% na nasze Stowarzyszenie oferujemy 50% zni\u017cki!Dochody uzyskane z dzia\u0142alno\u015bci naszego biura przeznaczamy na dzia\u0142alno\u015b\u0107 statutow\u0105 POMOSTu (pomoc osobom choruj\u0105cym psychicznie)JEDEN PIT = SZEREG KORZY\u015aCI! Zapraszamy!<\/p>\n","protected":false},"author":1,"featured_media":34,"parent":0,"menu_order":0,"comment_status":"closed","ping_status":"closed","template":"","meta":{"footnotes":""},"class_list":["post-120","page","type-page","status-publish","has-post-thumbnail","hentry"],"_links":{"self":[{"href":"https:\/\/rachunkowosc-pomost.pl\/index.php?rest_route=\/wp\/v2\/pages\/120","targetHints":{"allow":["GET"]}}],"collection":[{"href":"https:\/\/rachunkowosc-pomost.pl\/index.php?rest_route=\/wp\/v2\/pages"}],"about":[{"href":"https:\/\/rachunkowosc-pomost.pl\/index.php?rest_route=\/wp\/v2\/types\/page"}],"author":[{"embeddable":true,"href":"https:\/\/rachunkowosc-pomost.pl\/index.php?rest_route=\/wp\/v2\/users\/1"}],"replies":[{"embeddable":true,"href":"https:\/\/rachunkowosc-pomost.pl\/index.php?rest_route=%2Fwp%2Fv2%2Fcomments&post=120"}],"version-history":[{"count":4,"href":"https:\/\/rachunkowosc-pomost.pl\/index.php?rest_route=\/wp\/v2\/pages\/120\/revisions"}],"predecessor-version":[{"id":475,"href":"https:\/\/rachunkowosc-pomost.pl\/index.php?rest_route=\/wp\/v2\/pages\/120\/revisions\/475"}],"wp:featuredmedia":[{"embeddable":true,"href":"https:\/\/rachunkowosc-pomost.pl\/index.php?rest_route=\/wp\/v2\/media\/34"}],"wp:attachment":[{"href":"https:\/\/rachunkowosc-pomost.pl\/index.php?rest_route=%2Fwp%2Fv2%2Fmedia&parent=120"}],"curies":[{"name":"wp","href":"https:\/\/api.w.org\/{rel}","templated":true}]}}