{"id":126,"date":"2024-06-17T12:41:48","date_gmt":"2024-06-17T10:41:48","guid":{"rendered":"https:\/\/nowa.rachunkowosc-pomost.pl\/?page_id=126"},"modified":"2026-01-19T12:50:18","modified_gmt":"2026-01-19T11:50:18","slug":"cennik","status":"publish","type":"page","link":"https:\/\/rachunkowosc-pomost.pl\/?page_id=126","title":{"rendered":"Cennik"},"content":{"rendered":"\n<pre class=\"wp-block-preformatted has-x-large-font-size\"><strong>PODSTAWOWE US\u0141UGI KSI\u0118GOWE<\/strong><br>(ceny brutto)<\/pre>\n\n\n\n<figure class=\"wp-block-table\"><table><tbody><tr><td>Ilo\u015b\u0107 dokument\u00f3w miesi\u0119cznie<\/td><td>Ksi\u0119ga Przychod\u00f3w i Rozchod\u00f3w<\/td><td>Ksi\u0119ga Przychod\u00f3w i Rozchod\u00f3w + VAT<\/td><td>Ksi\u0119gi Handlowe (pe\u0142na ksi\u0119gowo\u015b\u0107) \/ Uproszczona Ewidencja Przychod\u00f3w i Koszt\u00f3w dla <strong>NGO&nbsp; <\/strong>bez VAT *<\/td><td>Ksi\u0119gi Handlowe (pe\u0142na ksi\u0119gowo\u015b\u0107) sp\u00f3\u0142ek<\/td><\/tr><tr><td>&nbsp;1 \u2013 10&nbsp;<\/td><td>199 z\u0142.<\/td><td>&nbsp;260 z\u0142.<\/td><td>330 z\u0142.<\/td><td>650 z\u0142.<\/td><\/tr><tr><td>11 \u2013 25<\/td><td>240 z\u0142.<\/td><td>350 z\u0142.<\/td><td>460 z\u0142.<\/td><td>800 z\u0142.<\/td><\/tr><tr><td>26 \u2013 50<\/td><td>350 z\u0142.<\/td><td>490 z\u0142.<\/td><td>650 z\u0142.<\/td><td>1.200 z\u0142.<\/td><\/tr><tr><td>51 \u2013 100<\/td><td>490 z\u0142.<\/td><td>690 z\u0142.<\/td><td>870&nbsp; z\u0142.<\/td><td>1.500 z\u0142.<\/td><\/tr><tr><td>101 \u2013 250<\/td><td>&nbsp;650 z\u0142.<\/td><td>920 z\u0142.<\/td><td>1.500 z\u0142.<\/td><td>1.620 z\u0142.<\/td><\/tr><\/tbody><\/table><figcaption class=\"wp-element-caption\"><strong>* dla organizacji b\u0119d\u0105cych czynnymi p\u0142atnikami VAT, cena ustalana indywidualnie<\/strong><\/figcaption><\/figure>\n\n\n\n<pre class=\"wp-block-preformatted has-x-large-font-size\"><strong>PODSTAWOWE US\u0141UGI KADROWE I P\u0141ACOWE<\/strong><br>(cena od osoby)<\/pre>\n\n\n\n<figure class=\"wp-block-table\"><table><tbody><tr><td>P\u0142ace<\/td><td>Kadry<\/td><td>P\u0142ace<\/td><td>SOD (obs\u0142uga dofinansowa\u0144 do pracownik\u00f3w niepe\u0142nosprawnych)<\/td><\/tr><tr><td>30 z\u0142.<\/td><td>30 \u2013 45 z\u0142.<\/td><td>30 \u2013 50 z\u0142.<\/td><td>45 z\u0142. lub 30 z\u0142. je\u015bli doliczane do obs\u0142ugi kadrowej\/p\u0142acowej<\/td><\/tr><\/tbody><\/table><\/figure>\n\n\n\n<pre class=\"wp-block-preformatted\"><strong>Warunki umowy i p\u0142atno\u015bci<\/strong><\/pre>\n\n\n\n<ul class=\"wp-block-list\">\n<li>Za sporz\u0105dzenie bilansu pobieramy op\u0142at\u0119 w wysoko\u015bci jednomiesi\u0119cznej \u015bredniej op\u0142aty za rok, za kt\u00f3ry sporz\u0105dzany jest bilans, jednak nie mniej ni\u017c 350 z\u0142.<\/li>\n\n\n\n<li>Umowa zawierana jest na czas nieokre\u015blony z jednomiesi\u0119cznym okresem wypowiedzenia dla ka\u017cdej ze stron.<\/li>\n\n\n\n<li>Biuro zastrzega sobie prawo do zmian w cenniku. Biuro zobowi\u0105zuje si\u0119 do poinformowania o planowanych zmianach w cenniku z zachowaniem dwumiesi\u0119cznego okresu.<\/li>\n<\/ul>\n\n\n\n<pre class=\"wp-block-preformatted\">Podane ceny stanowi\u0105 ostateczn\u0105 kwot\u0119 do zap\u0142aty (nie doliczamy VAT).<br><br>Zapraszamy do kontaktu z nami celem om\u00f3wienia szczeg\u00f3\u0142\u00f3w wsp\u00f3\u0142pracy<br>tel. 42 632 08 66 lub 513 724 150 pn \u2013 pt 9.00 \u2013 15.00; e-mail: <a href=\"mailto:ksiegowosc@pomost-lodz.org\">ksiegowosc@pomost-lodz.org<\/a><br><br>Powy\u017csza oferta ma charakter informacyjny i jest zaproszeniem do negocjacji \u2013 nie stanowi ona oferty handlowej w rozumieniu art. 66 \u00a71 kodeksu cywilnego oraz innych w\u0142a\u015bciwych przepis\u00f3w prawnych<\/pre>\n","protected":false},"excerpt":{"rendered":"<p>PODSTAWOWE US\u0141UGI KSI\u0118GOWE(ceny brutto) Ilo\u015b\u0107 dokument\u00f3w miesi\u0119cznie Ksi\u0119ga Przychod\u00f3w i Rozchod\u00f3w Ksi\u0119ga Przychod\u00f3w i Rozchod\u00f3w + VAT Ksi\u0119gi Handlowe (pe\u0142na ksi\u0119gowo\u015b\u0107) \/ Uproszczona Ewidencja Przychod\u00f3w i Koszt\u00f3w dla NGO&nbsp; bez VAT * Ksi\u0119gi Handlowe (pe\u0142na ksi\u0119gowo\u015b\u0107) sp\u00f3\u0142ek &nbsp;1 \u2013 10&nbsp; 199 z\u0142. &nbsp;260 z\u0142. 330 z\u0142. 650 z\u0142. 11 \u2013 25 240 z\u0142. 350 z\u0142. [&hellip;]<\/p>\n","protected":false},"author":1,"featured_media":31,"parent":0,"menu_order":0,"comment_status":"closed","ping_status":"closed","template":"","meta":{"footnotes":""},"class_list":["post-126","page","type-page","status-publish","has-post-thumbnail","hentry"],"_links":{"self":[{"href":"https:\/\/rachunkowosc-pomost.pl\/index.php?rest_route=\/wp\/v2\/pages\/126","targetHints":{"allow":["GET"]}}],"collection":[{"href":"https:\/\/rachunkowosc-pomost.pl\/index.php?rest_route=\/wp\/v2\/pages"}],"about":[{"href":"https:\/\/rachunkowosc-pomost.pl\/index.php?rest_route=\/wp\/v2\/types\/page"}],"author":[{"embeddable":true,"href":"https:\/\/rachunkowosc-pomost.pl\/index.php?rest_route=\/wp\/v2\/users\/1"}],"replies":[{"embeddable":true,"href":"https:\/\/rachunkowosc-pomost.pl\/index.php?rest_route=%2Fwp%2Fv2%2Fcomments&post=126"}],"version-history":[{"count":9,"href":"https:\/\/rachunkowosc-pomost.pl\/index.php?rest_route=\/wp\/v2\/pages\/126\/revisions"}],"predecessor-version":[{"id":527,"href":"https:\/\/rachunkowosc-pomost.pl\/index.php?rest_route=\/wp\/v2\/pages\/126\/revisions\/527"}],"wp:featuredmedia":[{"embeddable":true,"href":"https:\/\/rachunkowosc-pomost.pl\/index.php?rest_route=\/wp\/v2\/media\/31"}],"wp:attachment":[{"href":"https:\/\/rachunkowosc-pomost.pl\/index.php?rest_route=%2Fwp%2Fv2%2Fmedia&parent=126"}],"curies":[{"name":"wp","href":"https:\/\/api.w.org\/{rel}","templated":true}]}}