{"id":2,"date":"2024-06-12T12:40:30","date_gmt":"2024-06-12T10:40:30","guid":{"rendered":"http:\/\/wordpress2486730.home.pl\/?page_id=2"},"modified":"2025-04-08T17:26:50","modified_gmt":"2025-04-08T15:26:50","slug":"przykladowa-strona","status":"publish","type":"page","link":"https:\/\/rachunkowosc-pomost.pl\/?page_id=2","title":{"rendered":"Dofinansowania PFRON"},"content":{"rendered":"\n<pre class=\"wp-block-preformatted\"><br><br>Zatrudniaj\u0105c osob\u0119 z orzeczeniem o niepe\u0142nosprawno\u015bci na umow\u0119 o prac\u0119, mo\u017cecie Pa\u0144stwo ubiega\u0107 si\u0119 w Pa\u0144stwowym Funduszu Rehabilitacji Os\u00f3b Niepe\u0142nosprawnych o refundacj\u0119 cz\u0119\u015bci koszt\u00f3w jej zatrudnienia. Wysoko\u015b\u0107 refundacji zale\u017cy od wymiaru zatrudnienia oraz od rodzaju i stopnia niepe\u0142nosprawno\u015bci. Nasze biuro oferuje pe\u0142n\u0105 obs\u0142ug\u0119 refundacji koszt\u00f3w zatrudnienia od PFRON \u2013 od zg\u0142oszenia firmy do systemu po comiesi\u0119czn\u0105 wysy\u0142k\u0119 deklaracji.<br><br>Koszt miesi\u0119cznej obs\u0142ugi wynosi 45 z\u0142. netto \/osoby.<br><br>Zapraszamy do kontaktu celem om\u00f3wienia szczeg\u00f3\u0142\u00f3w wsp\u00f3\u0142pracy a tak\u017ce do zapoznania si\u0119 z orientacyjnym cennikiem naszych us\u0142ug w zak\u0142adce <a href=\"https:\/\/rachunkowosc-pomost.pl\/?page_id=126\" data-type=\"page\" data-id=\"126\">Cennik<\/a><br><\/pre>\n","protected":false},"excerpt":{"rendered":"<p>Zatrudniaj\u0105c osob\u0119 z orzeczeniem o niepe\u0142nosprawno\u015bci na umow\u0119 o prac\u0119, mo\u017cecie Pa\u0144stwo ubiega\u0107 si\u0119 w Pa\u0144stwowym Funduszu Rehabilitacji Os\u00f3b Niepe\u0142nosprawnych o refundacj\u0119 cz\u0119\u015bci koszt\u00f3w jej zatrudnienia. Wysoko\u015b\u0107 refundacji zale\u017cy od wymiaru zatrudnienia oraz od rodzaju i stopnia niepe\u0142nosprawno\u015bci. Nasze biuro oferuje pe\u0142n\u0105 obs\u0142ug\u0119 refundacji koszt\u00f3w zatrudnienia od PFRON \u2013 od zg\u0142oszenia firmy do systemu po [&hellip;]<\/p>\n","protected":false},"author":1,"featured_media":38,"parent":0,"menu_order":0,"comment_status":"closed","ping_status":"open","template":"","meta":{"footnotes":""},"class_list":["post-2","page","type-page","status-publish","has-post-thumbnail","hentry"],"_links":{"self":[{"href":"https:\/\/rachunkowosc-pomost.pl\/index.php?rest_route=\/wp\/v2\/pages\/2","targetHints":{"allow":["GET"]}}],"collection":[{"href":"https:\/\/rachunkowosc-pomost.pl\/index.php?rest_route=\/wp\/v2\/pages"}],"about":[{"href":"https:\/\/rachunkowosc-pomost.pl\/index.php?rest_route=\/wp\/v2\/types\/page"}],"author":[{"embeddable":true,"href":"https:\/\/rachunkowosc-pomost.pl\/index.php?rest_route=\/wp\/v2\/users\/1"}],"replies":[{"embeddable":true,"href":"https:\/\/rachunkowosc-pomost.pl\/index.php?rest_route=%2Fwp%2Fv2%2Fcomments&post=2"}],"version-history":[{"count":5,"href":"https:\/\/rachunkowosc-pomost.pl\/index.php?rest_route=\/wp\/v2\/pages\/2\/revisions"}],"predecessor-version":[{"id":484,"href":"https:\/\/rachunkowosc-pomost.pl\/index.php?rest_route=\/wp\/v2\/pages\/2\/revisions\/484"}],"wp:featuredmedia":[{"embeddable":true,"href":"https:\/\/rachunkowosc-pomost.pl\/index.php?rest_route=\/wp\/v2\/media\/38"}],"wp:attachment":[{"href":"https:\/\/rachunkowosc-pomost.pl\/index.php?rest_route=%2Fwp%2Fv2%2Fmedia&parent=2"}],"curies":[{"name":"wp","href":"https:\/\/api.w.org\/{rel}","templated":true}]}}