{"id":28,"date":"2024-06-17T12:43:08","date_gmt":"2024-06-17T10:43:08","guid":{"rendered":"http:\/\/wordpress2486730.home.pl\/autoinstalator\/wordpresspluslscache\/?page_id=28"},"modified":"2024-06-17T13:15:47","modified_gmt":"2024-06-17T11:15:47","slug":"o-nas","status":"publish","type":"page","link":"https:\/\/rachunkowosc-pomost.pl\/?page_id=28","title":{"rendered":"O nas"},"content":{"rendered":"\n<pre class=\"wp-block-preformatted\"><br><br>Nasze biuro rachunkowe jest jednostk\u0105 organizacyjn\u0105 Stowarzyszenia POMOST- organizacji po\u017cytku publicznego dzia\u0142aj\u0105cego na rzecz os\u00f3b zagro\u017conych wykluczeniem spo\u0142ecznym (wi\u0119cej o Stowarzyszeniu przeczytaj na stronie: <a href=\"https:\/\/pomost-lodz.org\">pomost-lodz.org<\/a> )<br><br><strong>Biuro<\/strong> zosta\u0142o stworzone na podstawie <strong>wieloletniego do\u015bwiadczenia<\/strong> w prowadzeniu pe\u0142nej ksi\u0119gowo\u015bci jednostki macierzystej \u2013 Stowarzyszenia, kt\u00f3re powsta\u0142o w 2000r. i od kilkunastu lat rozlicza dotacje o warto\u015bci kilkuset tysi\u0119cy z\u0142otych rocznie, korzysta z mechanizmu 1%, rozlicza dofinansowanie zatrudnianych pracownik\u00f3w niepe\u0142nosprawnych, prowadzi statutow\u0105 dzia\u0142alno\u015b\u0107 odp\u0142atn\u0105 i nieodp\u0142atn\u0105 a tak\u017ce w\u0142asn\u0105 dzia\u0142alno\u015b\u0107 gospodarcz\u0105.<br><br>Osoby zatrudnione <strong>posiadaj\u0105 kompetencje<\/strong> nie tylko do prowadzenia pe\u0142nych ksi\u0105g rachunkowych ale r\u00f3wnie\u017c do rozliczania os\u00f3b prowadz\u0105cych w\u0142asn\u0105 dzia\u0142alno\u015b\u0107 gospodarcz\u0105 ewidencjonowan\u0105 w Ksi\u0105\u017cce Przychod\u00f3w i Rozchod\u00f3w.<br>Pracujemy na profesjonalnych programach ksi\u0119gowych (Ognik, TaxPro, enova).<br><br>Posiadamy ubezpieczenie OC.<br>Zapraszamy do zapoznania si\u0119 z <a href=\"https:\/\/rachunkowosc-pomost.pl\/?page_id=327\" data-type=\"page\" data-id=\"327\">nasz\u0105 ofert\u0105<\/a> \ud83d\ude42<br><\/pre>\n\n\n\n<pre class=\"wp-block-preformatted\"><strong>Ewa Nowaczy\u0144ska<\/strong><\/pre>\n\n\n\n<div class=\"wp-block-media-text is-stacked-on-mobile\"><figure class=\"wp-block-media-text__media\"><img loading=\"lazy\" decoding=\"async\" width=\"613\" height=\"438\" src=\"https:\/\/rachunkowosc-pomost.pl\/wp-content\/uploads\/2024\/06\/Screenshot-2024-06-15-at-13-45-11-O-nas-\u2013-Stowarzyszenie-POMOST-Bezplatne-konsultacje.png\" alt=\"\" class=\"wp-image-51 size-full\" srcset=\"https:\/\/rachunkowosc-pomost.pl\/wp-content\/uploads\/2024\/06\/Screenshot-2024-06-15-at-13-45-11-O-nas-\u2013-Stowarzyszenie-POMOST-Bezplatne-konsultacje.png 613w, https:\/\/rachunkowosc-pomost.pl\/wp-content\/uploads\/2024\/06\/Screenshot-2024-06-15-at-13-45-11-O-nas-\u2013-Stowarzyszenie-POMOST-Bezplatne-konsultacje-300x214.png 300w\" sizes=\"auto, (max-width: 613px) 100vw, 613px\" \/><\/figure><div class=\"wp-block-media-text__content\">\n<p>Ksi\u0119gowa \u2013 wykszta\u0142cenie wy\u017csze z zakresu prawa podatkowego i rachunkowo\u015bci (mgr U\u0141), ponadto absolwentka kurs\u00f3w organizowanych przez <br>Stowarzyszenie Ksi\u0119gowych w Polsce, specj ds kadrowych (uko\u0144czony kurs prac. dzia\u0142u kadr i p\u0142ac), specj. ds rozlicze\u0144 z wieloletnim do\u015bwiadczeniem w rozliczaniu grant\u00f3w, dotacji i innych \u015brodk\u00f3w publicznych.<\/p>\n<\/div><\/div>\n\n\n\n<pre class=\"wp-block-preformatted\"><strong>Katarzyna \u015awi\u0105tek<\/strong><\/pre>\n\n\n\n<div class=\"wp-block-media-text is-stacked-on-mobile\"><figure class=\"wp-block-media-text__media\"><img loading=\"lazy\" decoding=\"async\" width=\"613\" height=\"438\" src=\"https:\/\/rachunkowosc-pomost.pl\/wp-content\/uploads\/2024\/06\/Screenshot-2024-06-15-at-13-45-01-O-nas-\u2013-Stowarzyszenie-POMOST-Bezplatne-konsultacje.png\" alt=\"\" class=\"wp-image-57 size-full\" srcset=\"https:\/\/rachunkowosc-pomost.pl\/wp-content\/uploads\/2024\/06\/Screenshot-2024-06-15-at-13-45-01-O-nas-\u2013-Stowarzyszenie-POMOST-Bezplatne-konsultacje.png 613w, https:\/\/rachunkowosc-pomost.pl\/wp-content\/uploads\/2024\/06\/Screenshot-2024-06-15-at-13-45-01-O-nas-\u2013-Stowarzyszenie-POMOST-Bezplatne-konsultacje-300x214.png 300w\" sizes=\"auto, (max-width: 613px) 100vw, 613px\" \/><\/figure><div class=\"wp-block-media-text__content\">\n<p>Ksi\u0119gowa z wykszta\u0142ceniem ekonomicznym uzupe\u0142nionym o kursy dotycz\u0105ce zagadnie\u0144 ksi\u0119gowych w organizacjach pozarz\u0105dowych. Posiada ogromne, wieloletnie do\u015bwiadczenie w obs\u0142udze organizacji pozarz\u0105dowych i podmiot\u00f3w gospodarczych.<\/p>\n<\/div><\/div>\n","protected":false},"excerpt":{"rendered":"<p>Nasze biuro rachunkowe jest jednostk\u0105 organizacyjn\u0105 Stowarzyszenia POMOST- organizacji po\u017cytku publicznego dzia\u0142aj\u0105cego na rzecz os\u00f3b zagro\u017conych wykluczeniem spo\u0142ecznym (wi\u0119cej o Stowarzyszeniu przeczytaj na stronie: pomost-lodz.org )Biuro zosta\u0142o stworzone na podstawie wieloletniego do\u015bwiadczenia w prowadzeniu pe\u0142nej ksi\u0119gowo\u015bci jednostki macierzystej \u2013 Stowarzyszenia, kt\u00f3re powsta\u0142o w 2000r. i od kilkunastu lat rozlicza dotacje o warto\u015bci kilkuset tysi\u0119cy z\u0142otych [&hellip;]<\/p>\n","protected":false},"author":1,"featured_media":31,"parent":0,"menu_order":0,"comment_status":"closed","ping_status":"closed","template":"","meta":{"footnotes":""},"class_list":["post-28","page","type-page","status-publish","has-post-thumbnail","hentry"],"_links":{"self":[{"href":"https:\/\/rachunkowosc-pomost.pl\/index.php?rest_route=\/wp\/v2\/pages\/28","targetHints":{"allow":["GET"]}}],"collection":[{"href":"https:\/\/rachunkowosc-pomost.pl\/index.php?rest_route=\/wp\/v2\/pages"}],"about":[{"href":"https:\/\/rachunkowosc-pomost.pl\/index.php?rest_route=\/wp\/v2\/types\/page"}],"author":[{"embeddable":true,"href":"https:\/\/rachunkowosc-pomost.pl\/index.php?rest_route=\/wp\/v2\/users\/1"}],"replies":[{"embeddable":true,"href":"https:\/\/rachunkowosc-pomost.pl\/index.php?rest_route=%2Fwp%2Fv2%2Fcomments&post=28"}],"version-history":[{"count":2,"href":"https:\/\/rachunkowosc-pomost.pl\/index.php?rest_route=\/wp\/v2\/pages\/28\/revisions"}],"predecessor-version":[{"id":345,"href":"https:\/\/rachunkowosc-pomost.pl\/index.php?rest_route=\/wp\/v2\/pages\/28\/revisions\/345"}],"wp:featuredmedia":[{"embeddable":true,"href":"https:\/\/rachunkowosc-pomost.pl\/index.php?rest_route=\/wp\/v2\/media\/31"}],"wp:attachment":[{"href":"https:\/\/rachunkowosc-pomost.pl\/index.php?rest_route=%2Fwp%2Fv2%2Fmedia&parent=28"}],"curies":[{"name":"wp","href":"https:\/\/api.w.org\/{rel}","templated":true}]}}