{"id":327,"date":"2024-06-17T13:09:33","date_gmt":"2024-06-17T11:09:33","guid":{"rendered":"https:\/\/nowa.rachunkowosc-pomost.pl\/?page_id=327"},"modified":"2024-06-17T13:12:58","modified_gmt":"2024-06-17T11:12:58","slug":"oferta","status":"publish","type":"page","link":"https:\/\/rachunkowosc-pomost.pl\/?page_id=327","title":{"rendered":""},"content":{"rendered":"\n<div class=\"wp-block-group alignfull has-base-2-background-color has-background has-global-padding is-layout-constrained wp-container-core-group-is-layout-2 wp-block-group-is-layout-constrained\" style=\"margin-top:0;margin-bottom:0;padding-top:var(--wp--preset--spacing--50);padding-right:var(--wp--preset--spacing--50);padding-bottom:var(--wp--preset--spacing--50);padding-left:var(--wp--preset--spacing--50)\">\n<div class=\"wp-block-group is-vertical is-content-justification-center is-layout-flex wp-container-core-group-is-layout-1 wp-block-group-is-layout-flex\">\n<h2 class=\"wp-block-heading has-text-align-center is-style-asterisk\">Oferta Biura<\/h2>\n\n\n\n<div style=\"height:0px\" aria-hidden=\"true\" class=\"wp-block-spacer wp-container-content-1\"><\/div>\n\n\n\n<p class=\"has-text-align-center\">obejmuje :<\/p>\n<\/div>\n\n\n\n<div style=\"margin-top:0;margin-bottom:0;height:var(--wp--preset--spacing--40)\" aria-hidden=\"true\" class=\"wp-block-spacer\"><\/div>\n\n\n\n<div class=\"wp-block-columns alignwide is-layout-flex wp-container-core-columns-is-layout-1 wp-block-columns-is-layout-flex\">\n<div class=\"wp-block-column is-layout-flow wp-container-core-column-is-layout-1 wp-block-column-is-layout-flow\">\n<figure class=\"wp-block-image size-full\"><a href=\"https:\/\/rachunkowosc-pomost.pl\/?page_id=99\"><img loading=\"lazy\" decoding=\"async\" width=\"800\" height=\"533\" src=\"https:\/\/rachunkowosc-pomost.pl\/wp-content\/uploads\/2024\/06\/Screenshot-2024-06-14-at-15-23-54-Oferta-Biuro-rachunkowe-POMOST.png\" alt=\"\" class=\"wp-image-35\" srcset=\"https:\/\/rachunkowosc-pomost.pl\/wp-content\/uploads\/2024\/06\/Screenshot-2024-06-14-at-15-23-54-Oferta-Biuro-rachunkowe-POMOST.png 800w, https:\/\/rachunkowosc-pomost.pl\/wp-content\/uploads\/2024\/06\/Screenshot-2024-06-14-at-15-23-54-Oferta-Biuro-rachunkowe-POMOST-300x200.png 300w, https:\/\/rachunkowosc-pomost.pl\/wp-content\/uploads\/2024\/06\/Screenshot-2024-06-14-at-15-23-54-Oferta-Biuro-rachunkowe-POMOST-768x512.png 768w\" sizes=\"auto, (max-width: 800px) 100vw, 800px\" \/><\/a><figcaption class=\"wp-element-caption\">Ksi\u0119gowo\u015b\u0107 NGO<\/figcaption><\/figure>\n<\/div>\n\n\n\n<div class=\"wp-block-column is-layout-flow wp-container-core-column-is-layout-2 wp-block-column-is-layout-flow\">\n<figure class=\"wp-block-image size-full\"><a href=\"https:\/\/rachunkowosc-pomost.pl\/?page_id=105\"><img loading=\"lazy\" decoding=\"async\" width=\"800\" height=\"533\" src=\"https:\/\/rachunkowosc-pomost.pl\/wp-content\/uploads\/2024\/06\/Screenshot-2024-06-14-at-15-24-00-Oferta-Biuro-rachunkowe-POMOST.png\" alt=\"\" class=\"wp-image-36\" srcset=\"https:\/\/rachunkowosc-pomost.pl\/wp-content\/uploads\/2024\/06\/Screenshot-2024-06-14-at-15-24-00-Oferta-Biuro-rachunkowe-POMOST.png 800w, https:\/\/rachunkowosc-pomost.pl\/wp-content\/uploads\/2024\/06\/Screenshot-2024-06-14-at-15-24-00-Oferta-Biuro-rachunkowe-POMOST-300x200.png 300w, https:\/\/rachunkowosc-pomost.pl\/wp-content\/uploads\/2024\/06\/Screenshot-2024-06-14-at-15-24-00-Oferta-Biuro-rachunkowe-POMOST-768x512.png 768w\" sizes=\"auto, (max-width: 800px) 100vw, 800px\" \/><\/a><figcaption class=\"wp-element-caption\">Rozliczanie dotacji<\/figcaption><\/figure>\n<\/div>\n\n\n\n<div class=\"wp-block-column is-layout-flow wp-container-core-column-is-layout-3 wp-block-column-is-layout-flow\">\n<figure class=\"wp-block-image size-full\"><a href=\"https:\/\/rachunkowosc-pomost.pl\/?page_id=114\"><img loading=\"lazy\" decoding=\"async\" width=\"800\" height=\"533\" src=\"https:\/\/rachunkowosc-pomost.pl\/wp-content\/uploads\/2024\/06\/Screenshot-2024-06-14-at-15-24-06-Oferta-Biuro-rachunkowe-POMOST.png\" alt=\"\" class=\"wp-image-37\" srcset=\"https:\/\/rachunkowosc-pomost.pl\/wp-content\/uploads\/2024\/06\/Screenshot-2024-06-14-at-15-24-06-Oferta-Biuro-rachunkowe-POMOST.png 800w, https:\/\/rachunkowosc-pomost.pl\/wp-content\/uploads\/2024\/06\/Screenshot-2024-06-14-at-15-24-06-Oferta-Biuro-rachunkowe-POMOST-300x200.png 300w, https:\/\/rachunkowosc-pomost.pl\/wp-content\/uploads\/2024\/06\/Screenshot-2024-06-14-at-15-24-06-Oferta-Biuro-rachunkowe-POMOST-768x512.png 768w\" sizes=\"auto, (max-width: 800px) 100vw, 800px\" \/><\/a><figcaption class=\"wp-element-caption\">Ksi\u0119gowo\u015b\u0107 firm<\/figcaption><\/figure>\n<\/div>\n<\/div>\n\n\n\n<div style=\"height:var(--wp--preset--spacing--20)\" aria-hidden=\"true\" class=\"wp-block-spacer\"><\/div>\n\n\n\n<div class=\"wp-block-columns alignwide is-layout-flex wp-container-core-columns-is-layout-2 wp-block-columns-is-layout-flex\">\n<div class=\"wp-block-column is-layout-flow wp-container-core-column-is-layout-4 wp-block-column-is-layout-flow\">\n<figure class=\"wp-block-image size-full\"><a href=\"https:\/\/rachunkowosc-pomost.pl\/?page_id=2\"><img loading=\"lazy\" decoding=\"async\" width=\"800\" height=\"533\" src=\"https:\/\/rachunkowosc-pomost.pl\/wp-content\/uploads\/2024\/06\/Screenshot-2024-06-14-at-15-24-11-Oferta-Biuro-rachunkowe-POMOST.png\" alt=\"\" class=\"wp-image-38\" srcset=\"https:\/\/rachunkowosc-pomost.pl\/wp-content\/uploads\/2024\/06\/Screenshot-2024-06-14-at-15-24-11-Oferta-Biuro-rachunkowe-POMOST.png 800w, https:\/\/rachunkowosc-pomost.pl\/wp-content\/uploads\/2024\/06\/Screenshot-2024-06-14-at-15-24-11-Oferta-Biuro-rachunkowe-POMOST-300x200.png 300w, https:\/\/rachunkowosc-pomost.pl\/wp-content\/uploads\/2024\/06\/Screenshot-2024-06-14-at-15-24-11-Oferta-Biuro-rachunkowe-POMOST-768x512.png 768w\" sizes=\"auto, (max-width: 800px) 100vw, 800px\" \/><\/a><figcaption class=\"wp-element-caption\">Dofinansowania PFRON<\/figcaption><\/figure>\n<\/div>\n\n\n\n<div class=\"wp-block-column is-layout-flow wp-container-core-column-is-layout-5 wp-block-column-is-layout-flow\">\n<figure class=\"wp-block-image size-full\"><a href=\"https:\/\/rachunkowosc-pomost.pl\/?page_id=120\"><img loading=\"lazy\" decoding=\"async\" width=\"710\" height=\"473\" src=\"https:\/\/rachunkowosc-pomost.pl\/wp-content\/uploads\/2024\/06\/Screenshot-2024-06-14-at-15-23-43-Rozliczenia-PITow-Biuro-rachunkowe-POMOST.png\" alt=\"\" class=\"wp-image-34\" srcset=\"https:\/\/rachunkowosc-pomost.pl\/wp-content\/uploads\/2024\/06\/Screenshot-2024-06-14-at-15-23-43-Rozliczenia-PITow-Biuro-rachunkowe-POMOST.png 710w, https:\/\/rachunkowosc-pomost.pl\/wp-content\/uploads\/2024\/06\/Screenshot-2024-06-14-at-15-23-43-Rozliczenia-PITow-Biuro-rachunkowe-POMOST-300x200.png 300w\" sizes=\"auto, (max-width: 710px) 100vw, 710px\" \/><\/a><figcaption class=\"wp-element-caption\">Rozliczenia PIT\u00f3w<\/figcaption><\/figure>\n<\/div>\n\n\n\n<div class=\"wp-block-column is-layout-flow wp-container-core-column-is-layout-6 wp-block-column-is-layout-flow\"><\/div>\n<\/div>\n<\/div>\n","protected":false},"excerpt":{"rendered":"","protected":false},"author":1,"featured_media":0,"parent":0,"menu_order":0,"comment_status":"closed","ping_status":"closed","template":"","meta":{"footnotes":""},"class_list":["post-327","page","type-page","status-publish","hentry"],"_links":{"self":[{"href":"https:\/\/rachunkowosc-pomost.pl\/index.php?rest_route=\/wp\/v2\/pages\/327","targetHints":{"allow":["GET"]}}],"collection":[{"href":"https:\/\/rachunkowosc-pomost.pl\/index.php?rest_route=\/wp\/v2\/pages"}],"about":[{"href":"https:\/\/rachunkowosc-pomost.pl\/index.php?rest_route=\/wp\/v2\/types\/page"}],"author":[{"embeddable":true,"href":"https:\/\/rachunkowosc-pomost.pl\/index.php?rest_route=\/wp\/v2\/users\/1"}],"replies":[{"embeddable":true,"href":"https:\/\/rachunkowosc-pomost.pl\/index.php?rest_route=%2Fwp%2Fv2%2Fcomments&post=327"}],"version-history":[{"count":3,"href":"https:\/\/rachunkowosc-pomost.pl\/index.php?rest_route=\/wp\/v2\/pages\/327\/revisions"}],"predecessor-version":[{"id":342,"href":"https:\/\/rachunkowosc-pomost.pl\/index.php?rest_route=\/wp\/v2\/pages\/327\/revisions\/342"}],"wp:attachment":[{"href":"https:\/\/rachunkowosc-pomost.pl\/index.php?rest_route=%2Fwp%2Fv2%2Fmedia&parent=327"}],"curies":[{"name":"wp","href":"https:\/\/api.w.org\/{rel}","templated":true}]}}